{"id":2005,"date":"2024-04-28T20:15:24","date_gmt":"2024-04-28T18:15:24","guid":{"rendered":"https:\/\/trackdates.de\/howto\/?page_id=2005"},"modified":"2024-04-30T08:49:26","modified_gmt":"2024-04-30T06:49:26","slug":"howto-aprilia-rs125-wiederaufbau","status":"publish","type":"page","link":"https:\/\/trackdates.de\/howto\/howto-aprilia-rs125-wiederaufbau\/","title":{"rendered":"Aprilia RS125 Wiederaufbau"},"content":{"rendered":"\n<hr class=\"wp-block-separator has-css-opacity\"\/>\n\n\n<p style=\"text-align: center;\"><span style=\"color: #ae111e;\"><i class=\"wp-svg-pushpin pushpin\"><\/i><i class=\"wp-svg-pushpin pushpin\"><\/i><i class=\"wp-svg-pushpin pushpin\"><\/i><\/span><\/p>\n<div id=\"ez-toc-container\" class=\"ez-toc-v2_0_75 counter-hierarchy ez-toc-counter ez-toc-custom ez-toc-container-direction\">\n<div class=\"ez-toc-title-container\"><p class=\"ez-toc-title\" style=\"cursor:inherit\">Inhaltsverzeichnis<\/p>\n<\/div><nav><ul class='ez-toc-list ez-toc-list-level-1 ' ><li class='ez-toc-page-1 ez-toc-heading-level-4'><a class=\"ez-toc-link ez-toc-heading-1\" href=\"https:\/\/trackdates.de\/howto\/howto-aprilia-rs125-wiederaufbau\/#Projektvorstellung\" >Projektvorstellung<\/a><\/li><li class='ez-toc-page-1 ez-toc-heading-level-4'><a class=\"ez-toc-link ez-toc-heading-2\" href=\"https:\/\/trackdates.de\/howto\/howto-aprilia-rs125-wiederaufbau\/#Motivation\" >Motivation<\/a><\/li><li class='ez-toc-page-1 ez-toc-heading-level-4'><a class=\"ez-toc-link ez-toc-heading-3\" href=\"https:\/\/trackdates.de\/howto\/howto-aprilia-rs125-wiederaufbau\/#YouTube_Playlist\" >YouTube Playlist<\/a><\/li><li class='ez-toc-page-1 ez-toc-heading-level-4'><a class=\"ez-toc-link ez-toc-heading-4\" href=\"https:\/\/trackdates.de\/howto\/howto-aprilia-rs125-wiederaufbau\/#Video-_und_Beitragsliste\" >Video- und Beitragsliste<\/a><\/li><li class='ez-toc-page-1 ez-toc-heading-level-4'><a class=\"ez-toc-link ez-toc-heading-5\" href=\"https:\/\/trackdates.de\/howto\/howto-aprilia-rs125-wiederaufbau\/#Allgemeine_Hinweise\" >Allgemeine Hinweise<\/a><\/li><\/ul><\/nav><\/div>\n\n<h4><span class=\"ez-toc-section\" id=\"Projektvorstellung\"><\/span>Projektvorstellung<span class=\"ez-toc-section-end\"><\/span><\/h4>\n<p style=\"text-align: justify;\"><span id=\"snippet-text\" class=\"style-scope ytd-text-inline-expander\"><span id=\"plain-snippet-text\" class=\"style-scope ytd-text-inline-expander\">In meiner Videoreihe &#8222;APRILIA RS125 MP Wiederaufbau&#8220; geht es um den Wiederaufbau einer Aprilia RS125 Modell MP &#8211; Baujahr 1999<\/span><\/span> mit entsprechenden Schritten wie Inspektion, Austausch und Erneuerung von Teilen, sowie Durchf\u00fchrung von Optimierungsma\u00dfnahmen. <span id=\"snippet-text\" class=\"style-scope ytd-text-inline-expander\"><span id=\"plain-snippet-text\" class=\"style-scope ytd-text-inline-expander\">Es handelt sich um eine \u00fcberwiegend originale RS125 im 1999er Harada Design. Die RS habe ich blind bei einem H\u00e4ndler in Bayern mit einem Motorschaden erworben und plane nun einen sch\u00f6nen Wiederaufbau des sch\u00f6nen Bikes.<\/span><\/span><\/p>\n<h4><span class=\"ez-toc-section\" id=\"Motivation\"><\/span>Motivation<span class=\"ez-toc-section-end\"><\/span><\/h4>\n<p style=\"text-align: justify;\"><span id=\"snippet-text\" class=\"style-scope ytd-text-inline-expander\"><span id=\"plain-snippet-text\" class=\"style-scope ytd-text-inline-expander\">Vor fast 25 Jahren habe ich mir, nach ewigem Sparen, Zeitungsaustragen und anderen Nebenjobs, mein erstes richtiges Motorrad kaufen k\u00f6nnen, eine 1996er Aprilia GS.\u00a0\u00a0<\/span><\/span><\/p>\n<p style=\"text-align: justify;\"><span id=\"snippet-text\" class=\"style-scope ytd-text-inline-expander\"><span id=\"plain-snippet-text\" class=\"style-scope ytd-text-inline-expander\">Damals noch auf 80km\/h gedrosselt, hat f\u00fcr mich das Motorradfahren \u00fcberhaupt begonnen und somit heisst es nun mal wieder &#8222;back to the roots&#8220;. Was war das eine tolle Zeit, mit Kumpels auf den Mopeds die Gegend unsicher machen, die ersten Motorradtreffen, das erste mal Knieschleifen im Kreisverkehr, das erste Mal richtig Leistung sp\u00fcren (nach Entdrosselung), die ersten Male Bodenkontakt mit zum Gl\u00fcck glimpflichen Ausgang &#8211; einfach die sch\u00f6nsten Erinnerungen.\u00a0<\/span><\/span><\/p>\n<h4 style=\"text-align: left;\"><span class=\"ez-toc-section\" id=\"YouTube_Playlist\"><\/span>YouTube Playlist<span class=\"ez-toc-section-end\"><\/span><\/h4>\n<p style=\"text-align: left;\"><a href=\"https:\/\/www.youtube.com\/playlist?list=PL-7eSRJ3KndcArN9ISvp8UB_OEfYSkFye\" rel=\"noopener\">Komplette Youtube Playlist \u00f6ffnen<\/a><\/p>\n<h4 style=\"text-align: left;\"><span class=\"ez-toc-section\" id=\"Video-_und_Beitragsliste\"><\/span>Video- und Beitragsliste<span class=\"ez-toc-section-end\"><\/span><\/h4>\n<p style=\"text-align: left;\"><a href=\"https:\/\/www.youtube.com\/watch?v=E4sln9qFB7k&amp;list=PL-7eSRJ3KndcArN9ISvp8UB_OEfYSkFye&amp;index=1&amp;pp=iAQB\" target=\"_blank\" rel=\"noopener\">Teil 1 | Vorstellung Basis | APRILIA RS125 MP 1999 | Wiederaufbau | Analyse Motorschaden<\/a><\/p>\n<p><a href=\"https:\/\/www.youtube.com\/watch?v=JGTGCSzUHmU&amp;list=PL-7eSRJ3KndcArN9ISvp8UB_OEfYSkFye&amp;index=2&amp;pp=iAQB\" target=\"_blank\" rel=\"noopener\">Teil 2 | Ersatzteile | Ersatzmotor | APRILIA RS125 MP 1999 | Wiederaufbau | Zylinder vermessen<\/a><\/p>\n<p><a href=\"https:\/\/www.youtube.com\/watch?v=IuugzlPGhu8&amp;list=PL-7eSRJ3KndcArN9ISvp8UB_OEfYSkFye&amp;index=3&amp;pp=iAQB\" target=\"_blank\" rel=\"noopener\">Teil 3 | Motor Ausbau | Schritt f\u00fcr Schritt | APRILIA RS125 MP 1999 | Wiederaufbau | Kolben messen<\/a><\/p>\n<p><a href=\"https:\/\/www.youtube.com\/watch?v=EUn6tDbDhc4&amp;list=PL-7eSRJ3KndcArN9ISvp8UB_OEfYSkFye&amp;index=4&amp;pp=iAQB\" target=\"_blank\" rel=\"noopener\">Teil 4 | Quetschspalt | Ringspalt | Kurbelwellenschmierung | APRILIA RS125 MP 1999 | Wiederaufbau<\/a><\/p>\n<p><a href=\"https:\/\/www.youtube.com\/watch?v=80hPAk_VJGo&amp;list=PL-7eSRJ3KndcArN9ISvp8UB_OEfYSkFye&amp;index=5&amp;pp=iAQB\" target=\"_blank\" rel=\"noopener\">Teil 5 | Zylinderkopf abdrehen | Steuerzeiten und Kupplung | APRILIA RS125 MP 1999 | Wiederaufbau<\/a><\/p>\n<p><a href=\"https:\/\/www.youtube.com\/watch?v=NBP69tGiYJM&amp;list=PL-7eSRJ3KndcArN9ISvp8UB_OEfYSkFye&amp;index=6&amp;pp=iAQB\" target=\"_blank\" rel=\"noopener\">Teil 6 | Gabelsimmeringe | Gabelservice D\u00e4mpfung | APRILIA RS125 MP 1999 | Wiederaufbau<\/a><\/p>\n<p><a href=\"https:\/\/www.youtube.com\/watch?v=BGg2QDKbmZc&amp;list=PL-7eSRJ3KndcArN9ISvp8UB_OEfYSkFye&amp;index=7&amp;pp=iAQB\" target=\"_blank\" rel=\"noopener\">Teil 7 | Lenkkopflager erneuern | APRILIA RS125 MP 1999 | Wiederaufbau<\/a><\/p>\n<p><a href=\"https:\/\/www.youtube.com\/watch?v=m7i96an1c7s&amp;list=PL-7eSRJ3KndcArN9ISvp8UB_OEfYSkFye&amp;index=8&amp;t=1s&amp;pp=iAQB\" target=\"_blank\" rel=\"noopener\">Teil 8 | Radlager erneuern | APRILIA RS125 MP 1999 | Wiederaufbau<\/a><\/p>\n<p><a href=\"https:\/\/www.youtube.com\/watch?v=eJOcszlsGU8&amp;list=PL-7eSRJ3KndcArN9ISvp8UB_OEfYSkFye&amp;index=9&amp;pp=iAQB\" target=\"_blank\" rel=\"noopener\">Teil 9 | Lagerung erneuern | Schwinge + Umlenkung | APRILIA RS125 MP 1999 | Wiederaufbau<\/a><\/p>\n<p><a href=\"https:\/\/www.youtube.com\/watch?v=ImVWOJpOdWo&amp;list=PL-7eSRJ3KndcArN9ISvp8UB_OEfYSkFye&amp;index=10&amp;pp=iAQB\" target=\"_blank\" rel=\"noopener\">Teil 10 | Lager auspressen, einpressen | Schwinge + Umlenkung | APRILIA RS125 MP 1999 | Wiederaufbau<\/a><\/p>\n<p><a href=\"https:\/\/www.youtube.com\/watch?v=EddFnyKIe6Y&amp;list=PL-7eSRJ3KndcArN9ISvp8UB_OEfYSkFye&amp;index=11&amp;pp=iAQB\" target=\"_blank\" rel=\"noopener\">Teil 11 | Einbau Schwinge + Umlenkung + YSS Federbein | APRILIA RS125 MP 1999 | Wiederaufbau<\/a><\/p>\n<p><a href=\"https:\/\/www.youtube.com\/watch?v=FJEq6vs5LKg&amp;list=PL-7eSRJ3KndcArN9ISvp8UB_OEfYSkFye&amp;index=12&amp;pp=iAQB\" target=\"_blank\" rel=\"noopener\">Teil 12 | Revision Bremszangen | lackieren und abdichten | APRILIA RS125 MP 1999 | Wiederaufbau<\/a><\/p>\n<p><a href=\"https:\/\/www.youtube.com\/watch?v=F47vNdcXP5w&amp;list=PL-7eSRJ3KndcArN9ISvp8UB_OEfYSkFye&amp;index=13&amp;pp=iAQB\" target=\"_blank\" rel=\"noopener\">Teil 13 | Der erste Start nach 12 Jahren | APRILIA RS125 MP 1999 | Wiederaufbau<\/a><\/p>\n<p><a href=\"https:\/\/www.youtube.com\/watch?v=4wg8n5UndiE&amp;list=PL-7eSRJ3KndcArN9ISvp8UB_OEfYSkFye&amp;index=14&amp;pp=iAQB\" target=\"_blank\" rel=\"noopener\">Teil 14 | Vergaserabstimmung PHBH28 Dellorto | Benzinhahn neu | APRILIA RS125 MP 1999 | Wiederaufbau<\/a><\/p>\n<p><a href=\"https:\/\/www.youtube.com\/watch?v=fpgL7Ra-K1A&amp;list=PL-7eSRJ3KndcArN9ISvp8UB_OEfYSkFye&amp;index=15&amp;pp=iAQB\" target=\"_blank\" rel=\"noopener\">Teil 15 | Kette k\u00fcrzen | Neue Reifen | Verkleidung montieren | APRILIA RS125 MP 1999 | Wiederaufbau<\/a><\/p>\n<p><a href=\"https:\/\/www.youtube.com\/watch?v=n6ufW7Hum9U&amp;list=PL-7eSRJ3KndcArN9ISvp8UB_OEfYSkFye&amp;index=16&amp;pp=iAQB\" target=\"_blank\" rel=\"noopener\">Teil 16 | Die erste Ausfahrt nach Wiederaufbau | Offene Power | Onboard POV | APRILIA RS125 MP 1999<\/a><\/p>\n<p><a href=\"https:\/\/www.youtube.com\/watch?v=VKb3uMfVYWc&amp;list=PL-7eSRJ3KndcArN9ISvp8UB_OEfYSkFye&amp;index=17&amp;pp=iAQB\" target=\"_blank\" rel=\"noopener\">Teil 17 | RS125 Treffen Selm 2023 | Onboard POV | APRILIA RS125 MP 1999<\/a><\/p>\n<p><a href=\"https:\/\/www.youtube.com\/watch?v=bpNYoLSB09Q&amp;list=PL-7eSRJ3KndcArN9ISvp8UB_OEfYSkFye&amp;index=18&amp;pp=iAQB\" target=\"_blank\" rel=\"noopener\">Teil 18 | 1100km Tour Pfingsten | Eifel Westerwald Sauerland | Onboard POV | APRILIA RS125 MP 1999<\/a><\/p>\n<p><a href=\"https:\/\/www.youtube.com\/watch?v=WvKsTMAxiwg&amp;list=PL-7eSRJ3KndcArN9ISvp8UB_OEfYSkFye&amp;index=19&amp;pp=iAQB\" target=\"_blank\" rel=\"noopener\">Teil 19 | Rave_Control_V2 Servo programmierbare Auslasssteuerung | APRILIA RS125 MP 1999<\/a><\/p>\n<p><a href=\"https:\/\/www.youtube.com\/watch?v=mnUI4PYrK9Y&amp;list=PL-7eSRJ3KndcArN9ISvp8UB_OEfYSkFye&amp;index=20&amp;pp=iAQB\" target=\"_blank\" rel=\"noopener\">Teil 20 | 1500km 4 Tages &#8211; Tour Frankreich | Vogesen | Onboard POV | APRILIA RS125 MP 1999<\/a><\/p>\n<p><a href=\"https:\/\/www.youtube.com\/watch?v=vtteg2wkYdE&amp;list=PL-7eSRJ3KndcArN9ISvp8UB_OEfYSkFye&amp;index=21&amp;t=1s&amp;pp=iAQB\" target=\"_blank\" rel=\"noopener\">Weihnachts-Spezial | Welche Geschenke gab es f\u00fcr Aprilia RSV Mille | RS125 | RS250 | Auspuffwahn<\/a><\/p>\n<p><a href=\"https:\/\/www.youtube.com\/watch?v=P94MsAVHVFg&amp;list=PL-7eSRJ3KndcArN9ISvp8UB_OEfYSkFye&amp;index=22&amp;pp=iAQB\" target=\"_blank\" rel=\"noopener\">Teil 21 | Heckumbau Einsitzer | Soloheck | APRILIA RS125 MP 1999<\/a><\/p>\n<p style=\"text-align: center;\"><span style=\"color: #ae111e;\"><i class=\"wp-svg-notification notification\"><\/i><\/span><\/p>\n<h4 style=\"text-align: center;\"><span class=\"ez-toc-section\" id=\"Allgemeine_Hinweise\"><\/span><span class=\"style-scope yt-formatted-string\" dir=\"auto\" style=\"color: #808080;\">Allgemeine Hinweise<\/span><span class=\"ez-toc-section-end\"><\/span><\/h4>\n<p style=\"text-align: justify;\"><span class=\"style-scope yt-formatted-string\" dir=\"auto\">Alle vorgestellten Teile und Artikel wurden von mir pers\u00f6nlich gekauft und es wurde nichts gesponsored oder zur Verf\u00fcgung gestellt. Es wird lediglich meine pers\u00f6nliche Erfahrung mit gewissen Produkten wiedergegeben. Nichts desto trotz kann man die Vorstellung als eine Art WERBUNG verstehen. <\/span><\/p>\n<p style=\"text-align: justify;\"><span class=\"style-scope yt-formatted-string\" dir=\"auto\">Als privater Anwender \u00fcbernehme ich keinerlei Haftung f\u00fcr gezeigte Ma\u00dfnahmen oder gegebene Tipps.<\/span><\/p>","protected":false},"excerpt":{"rendered":"<p>Projektvorstellung In meiner Videoreihe &#8222;APRILIA RS125 MP Wiederaufbau&#8220; geht es um den Wiederaufbau einer Aprilia RS125 Modell MP &#8211; Baujahr 1999 mit entsprechenden Schritten wie Inspektion, Austausch und Erneuerung von Teilen, sowie Durchf\u00fchrung von Optimierungsma\u00dfnahmen. Es handelt sich um eine \u00fcberwiegend originale RS125 im 1999er Harada Design. Die RS habe ich blind bei einem H\u00e4ndler [&hellip;]<\/p>\n","protected":false},"author":2,"featured_media":0,"parent":0,"menu_order":0,"comment_status":"closed","ping_status":"closed","template":"","meta":{"footnotes":""},"blocksy_meta":[],"rttpg_featured_image_url":null,"rttpg_author":{"display_name":false,"author_link":"https:\/\/trackdates.de\/howto\/author\/trackdates\/"},"rttpg_comment":0,"rttpg_category":null,"rttpg_excerpt":"Projektvorstellung In meiner Videoreihe &#8222;APRILIA RS125 MP Wiederaufbau&#8220; geht es um den Wiederaufbau einer Aprilia RS125 Modell MP &#8211; Baujahr 1999 mit entsprechenden Schritten wie Inspektion, Austausch und Erneuerung von Teilen, sowie Durchf\u00fchrung von Optimierungsma\u00dfnahmen. Es handelt sich um eine \u00fcberwiegend originale RS125 im 1999er Harada Design. Die RS habe ich blind bei einem H\u00e4ndler&hellip;","_links":{"self":[{"href":"https:\/\/trackdates.de\/howto\/wp-json\/wp\/v2\/pages\/2005"}],"collection":[{"href":"https:\/\/trackdates.de\/howto\/wp-json\/wp\/v2\/pages"}],"about":[{"href":"https:\/\/trackdates.de\/howto\/wp-json\/wp\/v2\/types\/page"}],"author":[{"embeddable":true,"href":"https:\/\/trackdates.de\/howto\/wp-json\/wp\/v2\/users\/2"}],"replies":[{"embeddable":true,"href":"https:\/\/trackdates.de\/howto\/wp-json\/wp\/v2\/comments?post=2005"}],"version-history":[{"count":10,"href":"https:\/\/trackdates.de\/howto\/wp-json\/wp\/v2\/pages\/2005\/revisions"}],"predecessor-version":[{"id":2076,"href":"https:\/\/trackdates.de\/howto\/wp-json\/wp\/v2\/pages\/2005\/revisions\/2076"}],"wp:attachment":[{"href":"https:\/\/trackdates.de\/howto\/wp-json\/wp\/v2\/media?parent=2005"}],"curies":[{"name":"wp","href":"https:\/\/api.w.org\/{rel}","templated":true}]}}